{"id":7215,"date":"2023-12-07T12:05:47","date_gmt":"2023-12-07T12:05:47","guid":{"rendered":"http:\/\/marvinrivista.it\/?page_id=7215"},"modified":"2023-12-18T08:36:34","modified_gmt":"2023-12-18T08:36:34","slug":"una-rivista-letteraria-nata-da-una-redazione-occasionale","status":"publish","type":"page","link":"https:\/\/marvinrivista.it\/","title":{"rendered":"Home"},"content":{"rendered":"\n<div class=\"wp-block-group alignfull has-white-background-color has-background is-layout-flow wp-block-group-is-layout-flow\" style=\"padding-top:0vw;padding-right:6vw;padding-bottom:0vw;padding-left:6vw\">\n<div class=\"wp-block-group is-vertical is-nowrap is-layout-flex wp-container-core-group-layout-1 wp-block-group-is-layout-flex\" style=\"padding-right:0;padding-left:0\">\n<p class=\"has-text-color\" style=\"color:#000000;font-size:6vw;font-style:normal;font-weight:700;letter-spacing:0px;line-height:0.9;text-decoration:none;text-transform:none\"><em>Tre <\/em>convinzioni e <em>una <\/em>speranza.<\/p>\n\n\n\n<p><\/p>\n<\/div>\n\n\n\n<div class=\"wp-block-group alignwide is-vertical is-nowrap is-layout-flex wp-container-core-group-layout-2 wp-block-group-is-layout-flex\" style=\"padding-top:0;padding-right:0;padding-bottom:0;padding-left:0\">\n<div class=\"wp-block-columns alignwide is-layout-flex wp-container-core-columns-layout-1 wp-block-columns-is-layout-flex\">\n<div class=\"wp-block-column is-layout-flow wp-block-column-is-layout-flow\" style=\"flex-basis:33.38%\">\n<p><em>Crediamo<\/em> nella creazione di un ambiente collettivo come valore aggiunto all\u2019atto di scrivere. <em>Crediamo<\/em> nella forza letteraria e sociale delle relazioni estemporanee o durature, ma sempre paritarie e creativamente floride. <em>Crediamo<\/em> che sia importante costituire degli spazi (virtuali e reali) in cui, mentre si accompagna l\u2019intuizione letteraria alla sua forma finale, si discuta e ci si confronti, minando certezze e sciogliendo dubbi.<br><em>Speriamo<\/em> che le narrazioni, nate dalle necessit\u00e0 del singolo e cresciute in quelle del gruppo, restituiscano un senso di comunit\u00e0 e collettivit\u00e0 anche a chi non ha preso parte al progetto. Pubblichiamo racconti a cadenza annuale in un\u2019antologia in formato cartaceo.\u00a0<\/p>\n<\/div>\n\n\n\n<div class=\"wp-block-column is-vertically-aligned-stretch is-layout-flow wp-block-column-is-layout-flow\" style=\"flex-basis:33%\">\n<figure class=\"wp-block-image alignright size-full is-resized wp-duotone-unset-1\"><img decoding=\"async\" src=\"data:image\/gif;base64,R0lGODlhAQABAIAAAAAAAP\/\/\/yH5BAEAAAAALAAAAAABAAEAAAIBRAA7\" data-src=\"http:\/\/marvinrivista.it\/wp-content\/uploads\/2023\/12\/ill1-scaled.jpg\" alt=\"\" class=\"wp-image-7383 lazyload\" style=\"width:300px\"\/><noscript><img decoding=\"async\" width=\"1810\" height=\"2560\" src=\"http:\/\/marvinrivista.it\/wp-content\/uploads\/2023\/12\/ill1-scaled.jpg\" alt=\"\" class=\"wp-image-7383 lazyload\" style=\"width:300px\" srcset=\"https:\/\/marvinrivista.it\/wp-content\/uploads\/2023\/12\/ill1-scaled.jpg 1810w, https:\/\/marvinrivista.it\/wp-content\/uploads\/2023\/12\/ill1-212x300.jpg 212w, https:\/\/marvinrivista.it\/wp-content\/uploads\/2023\/12\/ill1-724x1024.jpg 724w, https:\/\/marvinrivista.it\/wp-content\/uploads\/2023\/12\/ill1-768x1086.jpg 768w, https:\/\/marvinrivista.it\/wp-content\/uploads\/2023\/12\/ill1-1086x1536.jpg 1086w, https:\/\/marvinrivista.it\/wp-content\/uploads\/2023\/12\/ill1-1448x2048.jpg 1448w\" sizes=\"(max-width: 1810px) 100vw, 1810px\" \/><\/noscript><\/figure>\n<\/div>\n\n\n\n<div class=\"wp-block-column is-layout-flow wp-block-column-is-layout-flow\" style=\"flex-basis:33.62%\">\n<figure class=\"wp-block-image alignleft size-full is-resized wp-duotone-unset-2\"><img decoding=\"async\" src=\"data:image\/gif;base64,R0lGODlhAQABAIAAAAAAAP\/\/\/yH5BAEAAAAALAAAAAABAAEAAAIBRAA7\" data-src=\"http:\/\/marvinrivista.it\/wp-content\/uploads\/2023\/12\/IMG_2101-2-scaled.jpeg\" alt=\"\" class=\"wp-image-7433 lazyload\" style=\"width:300px\"\/><noscript><img decoding=\"async\" width=\"1810\" height=\"2560\" src=\"http:\/\/marvinrivista.it\/wp-content\/uploads\/2023\/12\/IMG_2101-2-scaled.jpeg\" alt=\"\" class=\"wp-image-7433 lazyload\" style=\"width:300px\" srcset=\"https:\/\/marvinrivista.it\/wp-content\/uploads\/2023\/12\/IMG_2101-2-scaled.jpeg 1810w, https:\/\/marvinrivista.it\/wp-content\/uploads\/2023\/12\/IMG_2101-2-212x300.jpeg 212w, https:\/\/marvinrivista.it\/wp-content\/uploads\/2023\/12\/IMG_2101-2-724x1024.jpeg 724w, https:\/\/marvinrivista.it\/wp-content\/uploads\/2023\/12\/IMG_2101-2-768x1086.jpeg 768w, https:\/\/marvinrivista.it\/wp-content\/uploads\/2023\/12\/IMG_2101-2-1086x1536.jpeg 1086w, https:\/\/marvinrivista.it\/wp-content\/uploads\/2023\/12\/IMG_2101-2-1448x2048.jpeg 1448w\" sizes=\"(max-width: 1810px) 100vw, 1810px\" \/><\/noscript><\/figure>\n<\/div>\n<\/div>\n<\/div>\n\n\n\n<p class=\"has-text-align-right\" style=\"font-size:0.5rem\">Le illustrazioni su questa pagina sono di Federico Arrigoni  e Francesca Mazzagatti<\/p>\n<\/div>\n<!-- AddThis Advanced Settings generic via filter on the_content --><!-- AddThis Share Buttons generic via filter on the_content -->","protected":false},"excerpt":{"rendered":"<p>Tre convinzioni e una speranza. Crediamo nella creazione di un ambiente collettivo come valore aggiunto all\u2019atto di scrivere. Crediamo nella forza letteraria e sociale delle relazioni estemporanee o durature, ma sempre paritarie e creativamente floride. Crediamo che sia importante costituire degli spazi (virtuali e reali) in cui, mentre si accompagna l\u2019intuizione letteraria alla sua forma [&hellip;]<!-- AddThis Advanced Settings generic via filter on get_the_excerpt --><!-- AddThis Share Buttons generic via filter on get_the_excerpt --><\/p>\n","protected":false},"author":1,"featured_media":0,"parent":0,"menu_order":0,"comment_status":"closed","ping_status":"closed","template":"","meta":{"content-type":"","footnotes":""},"yoast_head":"<!-- This site is optimized with the Yoast SEO plugin v23.4 - https:\/\/yoast.com\/wordpress\/plugins\/seo\/ -->\n<title>Home - MARVIN<\/title>\n<meta name=\"robots\" content=\"index, follow, max-snippet:-1, max-image-preview:large, max-video-preview:-1\" \/>\n<link rel=\"canonical\" href=\"http:\/\/marvinrivista.it\/\" \/>\n<meta property=\"og:locale\" content=\"it_IT\" \/>\n<meta property=\"og:type\" content=\"article\" \/>\n<meta property=\"og:title\" content=\"Home - MARVIN\" \/>\n<meta property=\"og:description\" content=\"Tre convinzioni e una speranza. Crediamo nella creazione di un ambiente collettivo come valore aggiunto all\u2019atto di scrivere. Crediamo nella forza letteraria e sociale delle relazioni estemporanee o durature, ma sempre paritarie e creativamente floride. Crediamo che sia importante costituire degli spazi (virtuali e reali) in cui, mentre si accompagna l\u2019intuizione letteraria alla sua forma [&hellip;]\" \/>\n<meta property=\"og:url\" content=\"http:\/\/marvinrivista.it\/\" \/>\n<meta property=\"og:site_name\" content=\"MARVIN\" \/>\n<meta property=\"article:modified_time\" content=\"2023-12-18T08:36:34+00:00\" \/>\n<meta property=\"og:image\" content=\"http:\/\/marvinrivista.it\/wp-content\/uploads\/2023\/12\/ill1-scaled.jpg\" \/>\n<meta name=\"twitter:card\" content=\"summary_large_image\" \/>\n<meta name=\"twitter:label1\" content=\"Tempo di lettura stimato\" \/>\n\t<meta name=\"twitter:data1\" content=\"1 minuto\" \/>\n<script type=\"application\/ld+json\" class=\"yoast-schema-graph\">{\"@context\":\"https:\/\/schema.org\",\"@graph\":[{\"@type\":\"WebPage\",\"@id\":\"http:\/\/marvinrivista.it\/\",\"url\":\"http:\/\/marvinrivista.it\/\",\"name\":\"Home - MARVIN\",\"isPartOf\":{\"@id\":\"http:\/\/marvinrivista.it\/#website\"},\"primaryImageOfPage\":{\"@id\":\"http:\/\/marvinrivista.it\/#primaryimage\"},\"image\":{\"@id\":\"http:\/\/marvinrivista.it\/#primaryimage\"},\"thumbnailUrl\":\"http:\/\/marvinrivista.it\/wp-content\/uploads\/2023\/12\/ill1-scaled.jpg\",\"datePublished\":\"2023-12-07T12:05:47+00:00\",\"dateModified\":\"2023-12-18T08:36:34+00:00\",\"breadcrumb\":{\"@id\":\"http:\/\/marvinrivista.it\/#breadcrumb\"},\"inLanguage\":\"it-IT\",\"potentialAction\":[{\"@type\":\"ReadAction\",\"target\":[\"http:\/\/marvinrivista.it\/\"]}]},{\"@type\":\"ImageObject\",\"inLanguage\":\"it-IT\",\"@id\":\"http:\/\/marvinrivista.it\/#primaryimage\",\"url\":\"https:\/\/marvinrivista.it\/wp-content\/uploads\/2023\/12\/ill1-scaled.jpg\",\"contentUrl\":\"https:\/\/marvinrivista.it\/wp-content\/uploads\/2023\/12\/ill1-scaled.jpg\",\"width\":1810,\"height\":2560,\"caption\":\"Processed with VSCO with preset\"},{\"@type\":\"BreadcrumbList\",\"@id\":\"http:\/\/marvinrivista.it\/#breadcrumb\",\"itemListElement\":[{\"@type\":\"ListItem\",\"position\":1,\"name\":\"Home\",\"item\":\"http:\/\/marvinrivista.it\/\"},{\"@type\":\"ListItem\",\"position\":2,\"name\":\"Home\"}]},{\"@type\":\"WebSite\",\"@id\":\"http:\/\/marvinrivista.it\/#website\",\"url\":\"http:\/\/marvinrivista.it\/\",\"name\":\"MARVIN\",\"description\":\"\",\"publisher\":{\"@id\":\"http:\/\/marvinrivista.it\/#organization\"},\"potentialAction\":[{\"@type\":\"SearchAction\",\"target\":{\"@type\":\"EntryPoint\",\"urlTemplate\":\"http:\/\/marvinrivista.it\/?s={search_term_string}\"},\"query-input\":{\"@type\":\"PropertyValueSpecification\",\"valueRequired\":true,\"valueName\":\"search_term_string\"}}],\"inLanguage\":\"it-IT\"},{\"@type\":\"Organization\",\"@id\":\"http:\/\/marvinrivista.it\/#organization\",\"name\":\"MARVIN\",\"url\":\"http:\/\/marvinrivista.it\/\",\"logo\":{\"@type\":\"ImageObject\",\"inLanguage\":\"it-IT\",\"@id\":\"http:\/\/marvinrivista.it\/#\/schema\/logo\/image\/\",\"url\":\"https:\/\/marvinrivista.it\/wp-content\/uploads\/2023\/12\/cropped-Risorsa-1-copia.png\",\"contentUrl\":\"https:\/\/marvinrivista.it\/wp-content\/uploads\/2023\/12\/cropped-Risorsa-1-copia.png\",\"width\":512,\"height\":512,\"caption\":\"MARVIN\"},\"image\":{\"@id\":\"http:\/\/marvinrivista.it\/#\/schema\/logo\/image\/\"}}]}<\/script>\n<!-- \/ Yoast SEO plugin. -->","yoast_head_json":{"title":"Home - MARVIN","robots":{"index":"index","follow":"follow","max-snippet":"max-snippet:-1","max-image-preview":"max-image-preview:large","max-video-preview":"max-video-preview:-1"},"canonical":"http:\/\/marvinrivista.it\/","og_locale":"it_IT","og_type":"article","og_title":"Home - MARVIN","og_description":"Tre convinzioni e una speranza. Crediamo nella creazione di un ambiente collettivo come valore aggiunto all\u2019atto di scrivere. Crediamo nella forza letteraria e sociale delle relazioni estemporanee o durature, ma sempre paritarie e creativamente floride. Crediamo che sia importante costituire degli spazi (virtuali e reali) in cui, mentre si accompagna l\u2019intuizione letteraria alla sua forma [&hellip;]","og_url":"http:\/\/marvinrivista.it\/","og_site_name":"MARVIN","article_modified_time":"2023-12-18T08:36:34+00:00","og_image":[{"url":"http:\/\/marvinrivista.it\/wp-content\/uploads\/2023\/12\/ill1-scaled.jpg"}],"twitter_card":"summary_large_image","twitter_misc":{"Tempo di lettura stimato":"1 minuto"},"schema":{"@context":"https:\/\/schema.org","@graph":[{"@type":"WebPage","@id":"http:\/\/marvinrivista.it\/","url":"http:\/\/marvinrivista.it\/","name":"Home - MARVIN","isPartOf":{"@id":"http:\/\/marvinrivista.it\/#website"},"primaryImageOfPage":{"@id":"http:\/\/marvinrivista.it\/#primaryimage"},"image":{"@id":"http:\/\/marvinrivista.it\/#primaryimage"},"thumbnailUrl":"http:\/\/marvinrivista.it\/wp-content\/uploads\/2023\/12\/ill1-scaled.jpg","datePublished":"2023-12-07T12:05:47+00:00","dateModified":"2023-12-18T08:36:34+00:00","breadcrumb":{"@id":"http:\/\/marvinrivista.it\/#breadcrumb"},"inLanguage":"it-IT","potentialAction":[{"@type":"ReadAction","target":["http:\/\/marvinrivista.it\/"]}]},{"@type":"ImageObject","inLanguage":"it-IT","@id":"http:\/\/marvinrivista.it\/#primaryimage","url":"https:\/\/marvinrivista.it\/wp-content\/uploads\/2023\/12\/ill1-scaled.jpg","contentUrl":"https:\/\/marvinrivista.it\/wp-content\/uploads\/2023\/12\/ill1-scaled.jpg","width":1810,"height":2560,"caption":"Processed with VSCO with preset"},{"@type":"BreadcrumbList","@id":"http:\/\/marvinrivista.it\/#breadcrumb","itemListElement":[{"@type":"ListItem","position":1,"name":"Home","item":"http:\/\/marvinrivista.it\/"},{"@type":"ListItem","position":2,"name":"Home"}]},{"@type":"WebSite","@id":"http:\/\/marvinrivista.it\/#website","url":"http:\/\/marvinrivista.it\/","name":"MARVIN","description":"","publisher":{"@id":"http:\/\/marvinrivista.it\/#organization"},"potentialAction":[{"@type":"SearchAction","target":{"@type":"EntryPoint","urlTemplate":"http:\/\/marvinrivista.it\/?s={search_term_string}"},"query-input":{"@type":"PropertyValueSpecification","valueRequired":true,"valueName":"search_term_string"}}],"inLanguage":"it-IT"},{"@type":"Organization","@id":"http:\/\/marvinrivista.it\/#organization","name":"MARVIN","url":"http:\/\/marvinrivista.it\/","logo":{"@type":"ImageObject","inLanguage":"it-IT","@id":"http:\/\/marvinrivista.it\/#\/schema\/logo\/image\/","url":"https:\/\/marvinrivista.it\/wp-content\/uploads\/2023\/12\/cropped-Risorsa-1-copia.png","contentUrl":"https:\/\/marvinrivista.it\/wp-content\/uploads\/2023\/12\/cropped-Risorsa-1-copia.png","width":512,"height":512,"caption":"MARVIN"},"image":{"@id":"http:\/\/marvinrivista.it\/#\/schema\/logo\/image\/"}}]}},"_links":{"self":[{"href":"https:\/\/marvinrivista.it\/index.php\/wp-json\/wp\/v2\/pages\/7215"}],"collection":[{"href":"https:\/\/marvinrivista.it\/index.php\/wp-json\/wp\/v2\/pages"}],"about":[{"href":"https:\/\/marvinrivista.it\/index.php\/wp-json\/wp\/v2\/types\/page"}],"author":[{"embeddable":true,"href":"https:\/\/marvinrivista.it\/index.php\/wp-json\/wp\/v2\/users\/1"}],"replies":[{"embeddable":true,"href":"https:\/\/marvinrivista.it\/index.php\/wp-json\/wp\/v2\/comments?post=7215"}],"version-history":[{"count":50,"href":"https:\/\/marvinrivista.it\/index.php\/wp-json\/wp\/v2\/pages\/7215\/revisions"}],"predecessor-version":[{"id":7456,"href":"https:\/\/marvinrivista.it\/index.php\/wp-json\/wp\/v2\/pages\/7215\/revisions\/7456"}],"wp:attachment":[{"href":"https:\/\/marvinrivista.it\/index.php\/wp-json\/wp\/v2\/media?parent=7215"}],"curies":[{"name":"wp","href":"https:\/\/api.w.org\/{rel}","templated":true}]}}