{"id":7542,"date":"2024-12-16T10:31:46","date_gmt":"2024-12-16T10:31:46","guid":{"rendered":"https:\/\/marvinrivista.it\/?page_id=7542"},"modified":"2024-12-16T13:51:09","modified_gmt":"2024-12-16T13:51:09","slug":"sportello-marvin-gruppo-di-ascolto-per-gente-che-scrive","status":"publish","type":"page","link":"http:\/\/marvinrivista.it\/index.php\/sportello-marvin-gruppo-di-ascolto-per-gente-che-scrive\/","title":{"rendered":"SPORTELLO MARVIN &#8211; GRUPPO DI ASCOLTO PER GENTE CHE SCRIVE"},"content":{"rendered":"\n<h3 class=\"wp-block-heading has-text-align-center\"><strong>SPORTELLO MARVIN &#8211; GRUPPO DI ASCOLTO PER GENTE CHE SCRIVE<\/strong><\/h3>\n\n\n\n<p>Marvin nasce con l\u2019idea di costruire delle redazioni occasionali e orizzontali. Ci piace parlare di ci\u00f2 che \u00e8 stato scritto, ci\u00f2 che si vorrebbe scrivere e soprattutto di ci\u00f2 che non si riesce a scrivere. Per questo motivo abbiamo deciso di lanciare un nuovo progetto: <em>Sportello per gente che scrive<\/em>.&nbsp;<\/p>\n\n\n\n<p><strong>In cosa consiste<\/strong><\/p>\n\n\n\n<p>Riunioni mensili online (o in presenza, se non siamo troppo lontani) per discutere di quel dubbio in cui si \u00e8 arenata la tua storia, di quel personaggio che proprio non riesci a sbloccare, di quell\u2019ingranaggio che continua a incepparsi. Crediamo che parlare insieme ad altri autori e autrici e ai membri della redazione, scambiare consigli, spunti e proposte, possa aiutare a uscire dall\u2019impasse.&nbsp; Non si tratta di editing collettivo (quello gi\u00e0 lo facciamo <a href=\"https:\/\/marvinrivista.it\/index.php\/5534-2\/\">nei nostri numeri<\/a>), n\u00e9 di laboratori o corsi di scrittura, ma di discussioni sulle storie che vogliamo scrivere e su come portarle a termine.&nbsp;<\/p>\n\n\n\n<p>Il progetto \u00e8 rivolto esclusivamente <span style=\"text-decoration: underline;\">ai\/lle nostri\/e associati\/e<\/span>. Per sottoscrivere la tua tessera (valida per tutto il 2025) <a href=\"https:\/\/marvinrivista.it\/index.php\/marvin-cultura\/\">clicca qui<\/a>.\u00a0<\/p>\n\n\n\n<p><strong>Come funziona<\/strong>&nbsp;<\/p>\n\n\n\n<p>Invia a <strong>info@marvinrivista.it<\/strong> un testo di massimo 2000 battute in cui spieghi c<strong>osa stai scrivendo<\/strong> (puoi indicare il tipo di storia, il genere, o la trama per sommi capi) e qual \u00e8 il problema (un personaggio, una svolta narrativa, lo stile). Pi\u00f9 mirata \u00e8 la domanda, pi\u00f9 sar\u00e0 facile cercare insieme la risposta.<\/p>\n\n\n\n<p>Gli appuntamenti si svolgeranno una volta al mese (nella seconda met\u00e0 del mese), mentre nella prima met\u00e0 riceveremo i vostri testi. <strong>Se arriveranno troppo tardi, slitterete al mese successivo.<\/strong><\/p>\n\n\n\n<p>Formeremo dei gruppi non troppo numerosi, dividendoli per tematiche o problematiche simili e ne discuteremo insieme.<strong> Non siamo un service editoriale, n\u00e9 una casa editrice, ma un luogo in cui tutti mettiamo in comune le nostre conoscenze e i nostri spunti.&nbsp;<\/strong><\/p>\n\n\n\n<p>Non valutiamo manoscritti, non ti chiederemo dei soldi per la stesura di schede (n\u00e9 tantomeno produrremo schede): vogliamo solo provare a espandere la portata di qualcosa che abbiamo fatto per anni e che vogliamo continuare a fare sempre meglio.<\/p>\n\n\n\n<p>La tessera associativa ci permette di portare avanti le varie attivit\u00e0 dell\u2019associazione.<br>Per qualsiasi domanda <a href=\"https:\/\/www.instagram.com\/marvin_rivista\/\">siamo qui<\/a>.<\/p>\n<!-- AddThis Advanced Settings generic via filter on the_content --><!-- AddThis Share Buttons generic via filter on the_content -->","protected":false},"excerpt":{"rendered":"<p>SPORTELLO MARVIN &#8211; GRUPPO DI ASCOLTO PER GENTE CHE SCRIVE Marvin nasce con l\u2019idea di costruire delle redazioni occasionali e orizzontali. Ci piace parlare di ci\u00f2 che \u00e8 stato scritto, ci\u00f2 che si vorrebbe scrivere e soprattutto di ci\u00f2 che non si riesce a scrivere. Per questo motivo abbiamo deciso di lanciare un nuovo progetto: [&hellip;]<!-- AddThis Advanced Settings generic via filter on get_the_excerpt --><!-- AddThis Share Buttons generic via filter on get_the_excerpt --><\/p>\n","protected":false},"author":33,"featured_media":0,"parent":0,"menu_order":0,"comment_status":"closed","ping_status":"closed","template":"","meta":{"content-type":"","footnotes":""},"yoast_head":"<!-- This site is optimized with the Yoast SEO plugin v23.4 - https:\/\/yoast.com\/wordpress\/plugins\/seo\/ -->\n<title>SPORTELLO MARVIN - GRUPPO DI ASCOLTO PER GENTE CHE SCRIVE - MARVIN<\/title>\n<meta name=\"robots\" content=\"index, follow, max-snippet:-1, max-image-preview:large, max-video-preview:-1\" \/>\n<link rel=\"canonical\" href=\"https:\/\/marvinrivista.it\/index.php\/sportello-marvin-gruppo-di-ascolto-per-gente-che-scrive\/\" \/>\n<meta property=\"og:locale\" content=\"it_IT\" \/>\n<meta property=\"og:type\" content=\"article\" \/>\n<meta property=\"og:title\" content=\"SPORTELLO MARVIN - GRUPPO DI ASCOLTO PER GENTE CHE SCRIVE - MARVIN\" \/>\n<meta property=\"og:description\" content=\"SPORTELLO MARVIN &#8211; GRUPPO DI ASCOLTO PER GENTE CHE SCRIVE Marvin nasce con l\u2019idea di costruire delle redazioni occasionali e orizzontali. Ci piace parlare di ci\u00f2 che \u00e8 stato scritto, ci\u00f2 che si vorrebbe scrivere e soprattutto di ci\u00f2 che non si riesce a scrivere. Per questo motivo abbiamo deciso di lanciare un nuovo progetto: [&hellip;]\" \/>\n<meta property=\"og:url\" content=\"https:\/\/marvinrivista.it\/index.php\/sportello-marvin-gruppo-di-ascolto-per-gente-che-scrive\/\" \/>\n<meta property=\"og:site_name\" content=\"MARVIN\" \/>\n<meta property=\"article:modified_time\" content=\"2024-12-16T13:51:09+00:00\" \/>\n<meta name=\"twitter:card\" content=\"summary_large_image\" \/>\n<meta name=\"twitter:label1\" content=\"Tempo di lettura stimato\" \/>\n\t<meta name=\"twitter:data1\" content=\"2 minuti\" \/>\n<script type=\"application\/ld+json\" class=\"yoast-schema-graph\">{\"@context\":\"https:\/\/schema.org\",\"@graph\":[{\"@type\":\"WebPage\",\"@id\":\"https:\/\/marvinrivista.it\/index.php\/sportello-marvin-gruppo-di-ascolto-per-gente-che-scrive\/\",\"url\":\"https:\/\/marvinrivista.it\/index.php\/sportello-marvin-gruppo-di-ascolto-per-gente-che-scrive\/\",\"name\":\"SPORTELLO MARVIN - GRUPPO DI ASCOLTO PER GENTE CHE SCRIVE - MARVIN\",\"isPartOf\":{\"@id\":\"http:\/\/marvinrivista.it\/#website\"},\"datePublished\":\"2024-12-16T10:31:46+00:00\",\"dateModified\":\"2024-12-16T13:51:09+00:00\",\"breadcrumb\":{\"@id\":\"https:\/\/marvinrivista.it\/index.php\/sportello-marvin-gruppo-di-ascolto-per-gente-che-scrive\/#breadcrumb\"},\"inLanguage\":\"it-IT\",\"potentialAction\":[{\"@type\":\"ReadAction\",\"target\":[\"https:\/\/marvinrivista.it\/index.php\/sportello-marvin-gruppo-di-ascolto-per-gente-che-scrive\/\"]}]},{\"@type\":\"BreadcrumbList\",\"@id\":\"https:\/\/marvinrivista.it\/index.php\/sportello-marvin-gruppo-di-ascolto-per-gente-che-scrive\/#breadcrumb\",\"itemListElement\":[{\"@type\":\"ListItem\",\"position\":1,\"name\":\"Home\",\"item\":\"http:\/\/marvinrivista.it\/\"},{\"@type\":\"ListItem\",\"position\":2,\"name\":\"SPORTELLO MARVIN &#8211; GRUPPO DI ASCOLTO PER GENTE CHE SCRIVE\"}]},{\"@type\":\"WebSite\",\"@id\":\"http:\/\/marvinrivista.it\/#website\",\"url\":\"http:\/\/marvinrivista.it\/\",\"name\":\"MARVIN\",\"description\":\"\",\"publisher\":{\"@id\":\"http:\/\/marvinrivista.it\/#organization\"},\"potentialAction\":[{\"@type\":\"SearchAction\",\"target\":{\"@type\":\"EntryPoint\",\"urlTemplate\":\"http:\/\/marvinrivista.it\/?s={search_term_string}\"},\"query-input\":{\"@type\":\"PropertyValueSpecification\",\"valueRequired\":true,\"valueName\":\"search_term_string\"}}],\"inLanguage\":\"it-IT\"},{\"@type\":\"Organization\",\"@id\":\"http:\/\/marvinrivista.it\/#organization\",\"name\":\"MARVIN\",\"url\":\"http:\/\/marvinrivista.it\/\",\"logo\":{\"@type\":\"ImageObject\",\"inLanguage\":\"it-IT\",\"@id\":\"http:\/\/marvinrivista.it\/#\/schema\/logo\/image\/\",\"url\":\"http:\/\/marvinrivista.it\/wp-content\/uploads\/2023\/12\/cropped-Risorsa-1-copia.png\",\"contentUrl\":\"http:\/\/marvinrivista.it\/wp-content\/uploads\/2023\/12\/cropped-Risorsa-1-copia.png\",\"width\":512,\"height\":512,\"caption\":\"MARVIN\"},\"image\":{\"@id\":\"http:\/\/marvinrivista.it\/#\/schema\/logo\/image\/\"}}]}<\/script>\n<!-- \/ Yoast SEO plugin. -->","yoast_head_json":{"title":"SPORTELLO MARVIN - GRUPPO DI ASCOLTO PER GENTE CHE SCRIVE - MARVIN","robots":{"index":"index","follow":"follow","max-snippet":"max-snippet:-1","max-image-preview":"max-image-preview:large","max-video-preview":"max-video-preview:-1"},"canonical":"https:\/\/marvinrivista.it\/index.php\/sportello-marvin-gruppo-di-ascolto-per-gente-che-scrive\/","og_locale":"it_IT","og_type":"article","og_title":"SPORTELLO MARVIN - GRUPPO DI ASCOLTO PER GENTE CHE SCRIVE - MARVIN","og_description":"SPORTELLO MARVIN &#8211; GRUPPO DI ASCOLTO PER GENTE CHE SCRIVE Marvin nasce con l\u2019idea di costruire delle redazioni occasionali e orizzontali. Ci piace parlare di ci\u00f2 che \u00e8 stato scritto, ci\u00f2 che si vorrebbe scrivere e soprattutto di ci\u00f2 che non si riesce a scrivere. Per questo motivo abbiamo deciso di lanciare un nuovo progetto: [&hellip;]","og_url":"https:\/\/marvinrivista.it\/index.php\/sportello-marvin-gruppo-di-ascolto-per-gente-che-scrive\/","og_site_name":"MARVIN","article_modified_time":"2024-12-16T13:51:09+00:00","twitter_card":"summary_large_image","twitter_misc":{"Tempo di lettura stimato":"2 minuti"},"schema":{"@context":"https:\/\/schema.org","@graph":[{"@type":"WebPage","@id":"https:\/\/marvinrivista.it\/index.php\/sportello-marvin-gruppo-di-ascolto-per-gente-che-scrive\/","url":"https:\/\/marvinrivista.it\/index.php\/sportello-marvin-gruppo-di-ascolto-per-gente-che-scrive\/","name":"SPORTELLO MARVIN - GRUPPO DI ASCOLTO PER GENTE CHE SCRIVE - MARVIN","isPartOf":{"@id":"http:\/\/marvinrivista.it\/#website"},"datePublished":"2024-12-16T10:31:46+00:00","dateModified":"2024-12-16T13:51:09+00:00","breadcrumb":{"@id":"https:\/\/marvinrivista.it\/index.php\/sportello-marvin-gruppo-di-ascolto-per-gente-che-scrive\/#breadcrumb"},"inLanguage":"it-IT","potentialAction":[{"@type":"ReadAction","target":["https:\/\/marvinrivista.it\/index.php\/sportello-marvin-gruppo-di-ascolto-per-gente-che-scrive\/"]}]},{"@type":"BreadcrumbList","@id":"https:\/\/marvinrivista.it\/index.php\/sportello-marvin-gruppo-di-ascolto-per-gente-che-scrive\/#breadcrumb","itemListElement":[{"@type":"ListItem","position":1,"name":"Home","item":"http:\/\/marvinrivista.it\/"},{"@type":"ListItem","position":2,"name":"SPORTELLO MARVIN &#8211; GRUPPO DI ASCOLTO PER GENTE CHE SCRIVE"}]},{"@type":"WebSite","@id":"http:\/\/marvinrivista.it\/#website","url":"http:\/\/marvinrivista.it\/","name":"MARVIN","description":"","publisher":{"@id":"http:\/\/marvinrivista.it\/#organization"},"potentialAction":[{"@type":"SearchAction","target":{"@type":"EntryPoint","urlTemplate":"http:\/\/marvinrivista.it\/?s={search_term_string}"},"query-input":{"@type":"PropertyValueSpecification","valueRequired":true,"valueName":"search_term_string"}}],"inLanguage":"it-IT"},{"@type":"Organization","@id":"http:\/\/marvinrivista.it\/#organization","name":"MARVIN","url":"http:\/\/marvinrivista.it\/","logo":{"@type":"ImageObject","inLanguage":"it-IT","@id":"http:\/\/marvinrivista.it\/#\/schema\/logo\/image\/","url":"http:\/\/marvinrivista.it\/wp-content\/uploads\/2023\/12\/cropped-Risorsa-1-copia.png","contentUrl":"http:\/\/marvinrivista.it\/wp-content\/uploads\/2023\/12\/cropped-Risorsa-1-copia.png","width":512,"height":512,"caption":"MARVIN"},"image":{"@id":"http:\/\/marvinrivista.it\/#\/schema\/logo\/image\/"}}]}},"_links":{"self":[{"href":"http:\/\/marvinrivista.it\/index.php\/wp-json\/wp\/v2\/pages\/7542"}],"collection":[{"href":"http:\/\/marvinrivista.it\/index.php\/wp-json\/wp\/v2\/pages"}],"about":[{"href":"http:\/\/marvinrivista.it\/index.php\/wp-json\/wp\/v2\/types\/page"}],"author":[{"embeddable":true,"href":"http:\/\/marvinrivista.it\/index.php\/wp-json\/wp\/v2\/users\/33"}],"replies":[{"embeddable":true,"href":"http:\/\/marvinrivista.it\/index.php\/wp-json\/wp\/v2\/comments?post=7542"}],"version-history":[{"count":3,"href":"http:\/\/marvinrivista.it\/index.php\/wp-json\/wp\/v2\/pages\/7542\/revisions"}],"predecessor-version":[{"id":7552,"href":"http:\/\/marvinrivista.it\/index.php\/wp-json\/wp\/v2\/pages\/7542\/revisions\/7552"}],"wp:attachment":[{"href":"http:\/\/marvinrivista.it\/index.php\/wp-json\/wp\/v2\/media?parent=7542"}],"curies":[{"name":"wp","href":"https:\/\/api.w.org\/{rel}","templated":true}]}}